{"id":869,"date":"2016-02-18T10:06:40","date_gmt":"2016-02-18T10:06:40","guid":{"rendered":"http:\/\/churchwp.themeslr.com\/?page_id=869"},"modified":"2021-08-03T09:28:57","modified_gmt":"2021-08-03T13:28:57","slug":"main-home","status":"publish","type":"page","link":"https:\/\/www.cementeriosar.cl\/portal\/","title":{"rendered":"Main Home"},"content":{"rendered":"<p>[vc_row full_width=&#8221;stretch_row&#8221; css=&#8221;.vc_custom_1481578595879{margin-top: 0em !important;margin-bottom: 0px !important;padding-top: 40px !important;padding-bottom: 0px !important;background-color: #f5f5f5 !important;}&#8221; el_id=&#8221;learn-more&#8221;][vc_column animation_in_type=&#8221;transition.bounceDownIn&#8221; animation_in_offset=&#8221;90&#8243; animation_in_duration=&#8221;1400&#8243; animation_in_delay=&#8221;100&#8243;][heading_title_subtitle title=&#8221;Cementerios de Coquimbo&#8221; subtitle=&#8221;www.cementeriosar.cl&#8221; title_color=&#8221;dark_title&#8221; border_color=&#8221;dark_border&#8221; subtitle_color=&#8221;dark_subtitle&#8221;][\/vc_column][\/vc_row][vc_row full_width=&#8221;stretch_row&#8221; equal_height=&#8221;yes&#8221; css=&#8221;.vc_custom_1481578397890{margin-top: 0px !important;margin-bottom: 0px !important;padding-top: 0px !important;padding-bottom: 80px !important;background-color: #f5f5f5 !important;}&#8221;][vc_column width=&#8221;1\/2&#8243; animation_in_type=&#8221;transition.perspectiveLeftIn&#8221; animation_in_offset=&#8221;80&#8243; animation_in_duration=&#8221;1800&#8243; animation_in_delay=&#8221;100&#8243; offset=&#8221;vc_col-md-3&#8243;]<div data-id=\"mpc_icon_column-5469fdc2d4d5d87\" class=\"mpc-icon-column mpc-init mpc-parent-hover mpc-transition mpc-icon-column--style_1 mpc-align--center \" ><div data-id=\"mpc_icon-5669fdc2d4d5dfa\" class=\"mpc-icon mpc-init mpc-transition mpc-effect-none mpc-icon-hover \"><div class=\"mpc-icon-wrap\"><i class=\"mpc-icon-part mpc-regular mpc-transition  icnm icnm-plus\"><\/i><i class=\"mpc-icon-part mpc-hover mpc-transition  icnm icnm-plus\"><\/i><\/div><\/div><div class=\"mpc-icon-column__content-wrap\"><div class=\"mpc-icon-column__content\"><h3 class=\"mpc-icon-column__heading mpc-transition\">\u00bfHa fallecido un ser querido?<\/h3><div class=\"mpc-icon-column__description mpc-transition\"><p><span style=\"color: #969696;\">En estos momentos tan delicados, queremos que reciba todo nuestro apoyo y comprensi\u00f3n.<\/span><\/p>\n<\/div><\/div><\/div><\/div>[\/vc_column][vc_column width=&#8221;1\/2&#8243; animation_in_type=&#8221;transition.perspectiveLeftIn&#8221; animation_in_offset=&#8221;80&#8243; animation_in_duration=&#8221;1800&#8243; animation_in_delay=&#8221;200&#8243; offset=&#8221;vc_col-md-3&#8243;]<div data-id=\"mpc_icon_column-1669fdc2d4d5f77\" class=\"mpc-icon-column mpc-init mpc-parent-hover mpc-transition mpc-icon-column--style_1 mpc-align--center \" ><div data-id=\"mpc_icon-5069fdc2d4d5fd8\" class=\"mpc-icon mpc-init mpc-transition mpc-effect-none mpc-icon-hover \"><div class=\"mpc-icon-wrap\"><i class=\"mpc-icon-part mpc-regular mpc-transition  etl etl-chat\"><\/i><i class=\"mpc-icon-part mpc-hover mpc-transition  etl etl-chat\"><\/i><\/div><\/div><div class=\"mpc-icon-column__content-wrap\"><div class=\"mpc-icon-column__content\"><h3 class=\"mpc-icon-column__heading mpc-transition\">Atenci\u00f3n al P\u00fablico<\/h3><div class=\"mpc-icon-column__description mpc-transition\"><p><span style=\"color: #969696;\">Ll\u00e1menos al <strong>+ 51 2 216956<\/strong>, estamos a su servicio las 24 horas. <\/span><\/p>\n<\/div><\/div><\/div><\/div>[\/vc_column][vc_column width=&#8221;1\/2&#8243; animation_in_type=&#8221;transition.perspectiveLeftIn&#8221; animation_in_offset=&#8221;80&#8243; animation_in_duration=&#8221;1800&#8243; animation_in_delay=&#8221;300&#8243; offset=&#8221;vc_col-md-3&#8243;]<div data-id=\"mpc_icon_column-4869fdc2d4d6114\" class=\"mpc-icon-column mpc-init mpc-parent-hover mpc-transition mpc-icon-column--style_1 mpc-align--center \" ><div data-id=\"mpc_icon-1069fdc2d4d6168\" class=\"mpc-icon mpc-init mpc-transition mpc-effect-none mpc-icon-hover \"><div class=\"mpc-icon-wrap\"><i class=\"mpc-icon-part mpc-regular mpc-transition  el el-group\"><\/i><i class=\"mpc-icon-part mpc-hover mpc-transition  el el-group\"><\/i><\/div><\/div><div class=\"mpc-icon-column__content-wrap\"><div class=\"mpc-icon-column__content\"><h3 class=\"mpc-icon-column__heading mpc-transition\">Ayuda en todo momento<\/h3><div class=\"mpc-icon-column__description mpc-transition\"><p><span style=\"color: #969696;\">Nuestra labor es que la familia pase por estos tr\u00e1mites de la forma m\u00e1s c\u00f3moda y f\u00e1cil posible.<\/span><\/p>\n<\/div><\/div><\/div><\/div>[\/vc_column][vc_column width=&#8221;1\/2&#8243; animation_in_type=&#8221;transition.perspectiveLeftIn&#8221; animation_in_offset=&#8221;80&#8243; animation_in_duration=&#8221;1800&#8243; animation_in_delay=&#8221;400&#8243; offset=&#8221;vc_col-md-3&#8243;]<div data-id=\"mpc_icon_column-8269fdc2d4d6281\" class=\"mpc-icon-column mpc-init mpc-parent-hover mpc-transition mpc-icon-column--style_1 mpc-align--center \" ><div data-id=\"mpc_icon-4769fdc2d4d62da\" class=\"mpc-icon mpc-init mpc-transition mpc-effect-none mpc-icon-hover \"><div class=\"mpc-icon-wrap\"><i class=\"mpc-icon-part mpc-regular mpc-transition  el el-ok-circle\"><\/i><i class=\"mpc-icon-part mpc-hover mpc-transition  el el-ok-circle\"><\/i><\/div><\/div><div class=\"mpc-icon-column__content-wrap\"><div class=\"mpc-icon-column__content\"><h3 class=\"mpc-icon-column__heading mpc-transition\">A\u00f1os de experiencia<\/h3><div class=\"mpc-icon-column__description mpc-transition\"><p><span style=\"color: #969696;\">Cementerios amplios, acogedores, con todos los servicios que pueden requerir sus usuarios.<\/span><\/p>\n<\/div><\/div><\/div><\/div>[\/vc_column][\/vc_row][vc_row full_width=&#8221;stretch_row_content_no_spaces&#8221; css=&#8221;.vc_custom_1481569155841{margin-top: 0px !important;margin-bottom: 0px !important;}&#8221;][vc_column css=&#8221;.vc_custom_1481572981109{margin-top: 0px !important;margin-bottom: 0px !important;padding-top: 0px !important;padding-bottom: 0px !important;}&#8221;][tslr_fancy_gallery number=&#8221;10&#8243;][\/vc_column][\/vc_row][vc_row full_width=&#8221;stretch_row&#8221; animation_in_type=&#8221;transition.perspectiveLeftIn&#8221; animation_in_offset=&#8221;80&#8243; animation_in_duration=&#8221;800&#8243; animation_in_delay=&#8221;200&#8243; css=&#8221;.vc_custom_1478643645359{margin-top: 0px !important;margin-bottom: 0px !important;padding-top: 80px !important;padding-bottom: 50px !important;background-color: #f5f5f5 !important;}&#8221;][vc_column animation_in_type=&#8221;transition.perspectiveLeftIn&#8221; animation_in_offset=&#8221;80&#8243; animation_in_duration=&#8221;800&#8243; animation_in_delay=&#8221;0&#8243; css=&#8221;.vc_custom_1450339462320{margin-bottom: 30px !important;padding-top: 0px !important;}&#8221;][heading_title_subtitle title=&#8221;Cementerios AR&#8221; subtitle=&#8221;Nuestra principal misi\u00f3n es servir y acompa\u00f1ar en los momentos tan dif\u00edciles tras el fallecimiento de un ser querido, en un clima de m\u00e1ximo respeto y comprensi\u00f3n.&#8221; title_color=&#8221;dark_title&#8221; border_color=&#8221;dark_border&#8221; subtitle_color=&#8221;dark_subtitle&#8221;][vc_empty_space height=&#8221;30px&#8221;][\/vc_column][\/vc_row]<\/p>\n","protected":false},"excerpt":{"rendered":"<p>[vc_row full_width=&#8221;stretch_row&#8221; css=&#8221;.vc_custom_1481578595879{margin-top: 0em !important;margin-bottom: 0px !important;padding-top: 40px !important;padding-bottom: 0px !important;background-color: #f5f5f5 !important;}&#8221; el_id=&#8221;learn-more&#8221;][vc_column animation_in_type=&#8221;transition.bounceDownIn&#8221; animation_in_offset=&#8221;90&#8243; animation_in_duration=&#8221;1400&#8243; animation_in_delay=&#8221;100&#8243;][heading_title_subtitle title=&#8221;Cementerios de Coquimbo&#8221; subtitle=&#8221;www.cementeriosar.cl&#8221; title_color=&#8221;dark_title&#8221; border_color=&#8221;dark_border&#8221; subtitle_color=&#8221;dark_subtitle&#8221;][\/vc_column][\/vc_row][vc_row full_width=&#8221;stretch_row&#8221; equal_height=&#8221;yes&#8221; css=&#8221;.vc_custom_1481578397890{margin-top: 0px !important;margin-bottom: 0px !important;padding-top: 0px !important;padding-bottom: 80px !important;background-color: #f5f5f5 !important;}&#8221;][vc_column width=&#8221;1\/2&#8243; animation_in_type=&#8221;transition.perspectiveLeftIn&#8221; animation_in_offset=&#8221;80&#8243; animation_in_duration=&#8221;1800&#8243; animation_in_delay=&#8221;100&#8243; offset=&#8221;vc_col-md-3&#8243;][\/vc_column][vc_column width=&#8221;1\/2&#8243; animation_in_type=&#8221;transition.perspectiveLeftIn&#8221; animation_in_offset=&#8221;80&#8243; animation_in_duration=&#8221;1800&#8243; animation_in_delay=&#8221;200&#8243; offset=&#8221;vc_col-md-3&#8243;][\/vc_column][vc_column width=&#8221;1\/2&#8243; animation_in_type=&#8221;transition.perspectiveLeftIn&#8221; animation_in_offset=&#8221;80&#8243; animation_in_duration=&#8221;1800&#8243; animation_in_delay=&#8221;300&#8243;<\/p>\n","protected":false},"author":1,"featured_media":0,"parent":0,"menu_order":0,"comment_status":"closed","ping_status":"closed","template":"","meta":{"_bbp_topic_count":0,"_bbp_reply_count":0,"_bbp_total_topic_count":0,"_bbp_total_reply_count":0,"_bbp_voice_count":0,"_bbp_anonymous_reply_count":0,"_bbp_topic_count_hidden":0,"_bbp_reply_count_hidden":0,"_bbp_forum_subforum_count":0,"footnotes":""},"class_list":["post-869","page","type-page","status-publish","hentry"],"_links":{"self":[{"href":"https:\/\/www.cementeriosar.cl\/portal\/wp-json\/wp\/v2\/pages\/869","targetHints":{"allow":["GET"]}}],"collection":[{"href":"https:\/\/www.cementeriosar.cl\/portal\/wp-json\/wp\/v2\/pages"}],"about":[{"href":"https:\/\/www.cementeriosar.cl\/portal\/wp-json\/wp\/v2\/types\/page"}],"author":[{"embeddable":true,"href":"https:\/\/www.cementeriosar.cl\/portal\/wp-json\/wp\/v2\/users\/1"}],"replies":[{"embeddable":true,"href":"https:\/\/www.cementeriosar.cl\/portal\/wp-json\/wp\/v2\/comments?post=869"}],"version-history":[{"count":22,"href":"https:\/\/www.cementeriosar.cl\/portal\/wp-json\/wp\/v2\/pages\/869\/revisions"}],"predecessor-version":[{"id":7583,"href":"https:\/\/www.cementeriosar.cl\/portal\/wp-json\/wp\/v2\/pages\/869\/revisions\/7583"}],"wp:attachment":[{"href":"https:\/\/www.cementeriosar.cl\/portal\/wp-json\/wp\/v2\/media?parent=869"}],"curies":[{"name":"wp","href":"https:\/\/api.w.org\/{rel}","templated":true}]}}