{"id":7566,"date":"2021-07-12T20:14:56","date_gmt":"2021-07-13T00:14:56","guid":{"rendered":"http:\/\/www.cementeriosar.cl\/portal\/?page_id=7566"},"modified":"2021-07-12T20:14:56","modified_gmt":"2021-07-13T00:14:56","slug":"protocolo-covid-19","status":"publish","type":"page","link":"https:\/\/www.cementeriosar.cl\/portal\/protocolo-covid-19\/","title":{"rendered":"Protocolo Covid-19"},"content":{"rendered":"<blockquote><p><em><strong><img loading=\"lazy\" decoding=\"async\" class=\"alignnone wp-image-6626 size-full\" src=\"http:\/\/www.cementeriosar.cl\/portal\/wp-content\/uploads\/2017\/03\/footer_bg-1.jpg\" alt=\"\" width=\"1500\" height=\"1001\" srcset=\"https:\/\/www.cementeriosar.cl\/portal\/wp-content\/uploads\/2017\/03\/footer_bg-1.jpg 1500w, https:\/\/www.cementeriosar.cl\/portal\/wp-content\/uploads\/2017\/03\/footer_bg-1-600x400.jpg 600w, https:\/\/www.cementeriosar.cl\/portal\/wp-content\/uploads\/2017\/03\/footer_bg-1-300x200.jpg 300w, https:\/\/www.cementeriosar.cl\/portal\/wp-content\/uploads\/2017\/03\/footer_bg-1-1024x683.jpg 1024w, https:\/\/www.cementeriosar.cl\/portal\/wp-content\/uploads\/2017\/03\/footer_bg-1-768x513.jpg 768w\" sizes=\"auto, (max-width: 1500px) 100vw, 1500px\" \/><\/strong><\/em><\/p>\n<p><em><strong>En caso de deceso por Covid-19<\/strong><\/em><\/p><\/blockquote>\n<p>M\u00e1ximo 20 personas.<\/p>\n<p>S\u00f3lo se podr\u00e1 acceder previa entrega de la lista con las 20 personas autorizadas por la familia.\u00a0 Requisito excepcional para realizar ingreso.<\/p>\n<p>Las personas autorizadas por la familia, har\u00e1n ingreso con cedula de identidad en mano.<\/p>\n<p>Mantener la distancia establecida entre personas de 1 metro y medio a lo m\u00ednimo, y no habr\u00e1 contacto con el f\u00e9retro.<\/p>\n<p>Uso de mascarillas en todo momento.<\/p>\n<p>No habr\u00e1 ning\u00fan tipo de ceremonia en el cementerio.<\/p>\n<p>Solo se podr\u00e1 realizar ofrendas \ufb02orales.<\/p>\n<p>Los cementerios se regir\u00e1n bajo el protocolo emanado del ministerio de salud, para evitar en lo posible alg\u00fan tipo de contagio; <a href=\"http:\/\/www.colegiomedico.cl\/wp-content\/uploads\/2020\/04\/Protocolo-de-Funerales-en-Contexto-de-Pandemia-por-COVID-19-1.pdf.pdf\">http:\/\/www.colegiomedico.cl\/wp-content\/uploads\/2020\/04\/Protocolo-de-Funerales-en-Contexto-de-Pandemia-por-COVID-19-1.pdf.pdf<\/a><\/p>\n<p>En la medida que los cementerios cuenten con dos acceso, y cuente con el personal para administrar ambas puertas, deber\u00e1 designar una puerta de entrada y otra de salida, ordenando el ingreso para evitar en lo posible que las personas que ingresen tengan contacto con las que est\u00e1n saliendo.<\/p>\n<p>En la entrada se deber\u00e1 contar con alcohol en gel o diluido para uso de los visitantes.<\/p>\n<blockquote><p><strong><em><u>Visitas al Camposanto<\/u><\/em><\/strong><\/p><\/blockquote>\n<p>La capacidad de gente que podr\u00e1 ingresar en un mismo momento depender\u00e1 de los metros cuadrados libres de circulaci\u00f3n que tenga cada cementerio, evitando de esta manera la aglomeraci\u00f3n de personas.<\/p>\n<p>El ingreso a los cementerios, se deber\u00e1 realizar de forma ordenada, y en fila india, con una distancia no menor a 1 metro y medio de distancia<\/p>\n<p>La permanencia dentro del cementerio no podr\u00e1 ser mayor a 30 min para poder generar circulaci\u00f3n permanente.<\/p>\n<p>Se recomienda reemplazar el agua de los \ufb02oreros por arena h\u00fameda.<\/p>\n<p>Para el d\u00eda de la madre, padre, u otros de aglomeraci\u00f3n, depender\u00e1 del instructivo de entregue el Ministerio de Salud.<\/p>\n<p>Los horarios para visitas a nuestros Cementerios, ser\u00e1n definidos por cada cementerio, y publicado en cada camposanto en el interior de este, como en sus respectivas oficinas administrativas.<\/p>\n<p>&nbsp;<\/p>\n","protected":false},"excerpt":{"rendered":"<p>En caso de deceso por Covid-19 M\u00e1ximo 20 personas. S\u00f3lo se podr\u00e1 acceder previa entrega de la lista con las 20 personas autorizadas por la familia.\u00a0 Requisito excepcional para realizar ingreso. Las personas autorizadas por la familia, har\u00e1n ingreso con cedula de identidad en mano. Mantener la distancia establecida entre personas de 1 metro y<\/p>\n","protected":false},"author":1,"featured_media":0,"parent":0,"menu_order":0,"comment_status":"closed","ping_status":"closed","template":"","meta":{"_bbp_topic_count":0,"_bbp_reply_count":0,"_bbp_total_topic_count":0,"_bbp_total_reply_count":0,"_bbp_voice_count":0,"_bbp_anonymous_reply_count":0,"_bbp_topic_count_hidden":0,"_bbp_reply_count_hidden":0,"_bbp_forum_subforum_count":0,"footnotes":""},"class_list":["post-7566","page","type-page","status-publish","hentry"],"_links":{"self":[{"href":"https:\/\/www.cementeriosar.cl\/portal\/wp-json\/wp\/v2\/pages\/7566","targetHints":{"allow":["GET"]}}],"collection":[{"href":"https:\/\/www.cementeriosar.cl\/portal\/wp-json\/wp\/v2\/pages"}],"about":[{"href":"https:\/\/www.cementeriosar.cl\/portal\/wp-json\/wp\/v2\/types\/page"}],"author":[{"embeddable":true,"href":"https:\/\/www.cementeriosar.cl\/portal\/wp-json\/wp\/v2\/users\/1"}],"replies":[{"embeddable":true,"href":"https:\/\/www.cementeriosar.cl\/portal\/wp-json\/wp\/v2\/comments?post=7566"}],"version-history":[{"count":1,"href":"https:\/\/www.cementeriosar.cl\/portal\/wp-json\/wp\/v2\/pages\/7566\/revisions"}],"predecessor-version":[{"id":7567,"href":"https:\/\/www.cementeriosar.cl\/portal\/wp-json\/wp\/v2\/pages\/7566\/revisions\/7567"}],"wp:attachment":[{"href":"https:\/\/www.cementeriosar.cl\/portal\/wp-json\/wp\/v2\/media?parent=7566"}],"curies":[{"name":"wp","href":"https:\/\/api.w.org\/{rel}","templated":true}]}}