{"id":7560,"date":"2021-07-12T12:09:35","date_gmt":"2021-07-12T16:09:35","guid":{"rendered":"http:\/\/www.cementeriosar.cl\/portal\/?page_id=7560"},"modified":"2023-07-25T16:32:36","modified_gmt":"2023-07-25T20:32:36","slug":"cementerio-de-punitaqui","status":"publish","type":"page","link":"https:\/\/www.cementeriosar.cl\/portal\/cementerio-de-punitaqui\/","title":{"rendered":"Cementerio de Punitaqui"},"content":{"rendered":"<p>El cementerio parroquial de Punitaqui, se encuentra ubicado en la comuna del mismo nombre ubicada a 28 Km, al Oeste de la comuna de Ovalle, dicho camposanto cuenta con\u00a0 una dimensi\u00f3n de 78mts de ancho por 98 metros de largo, terreno de propiedad del Arzobispado de la Serena, \u00a0con el correr de los a\u00f1os otras familias se fueron sumando al crecimiento de este lugar aportando paulatinamente con ideas y monetariamente como asimismo \u00a0de diversas formas\u00a0 a la iglesia con la finalidad de mantener en funcionamiento dicho lugar.<\/p>\n<p>Con posterioridad esta zona queda circunscrita al sector jurisdiccional de la localidad de Barraza, donde la Iglesia de dicho lugar realizaba los tramites de inscripci\u00f3n de los fallecidos y eran sepultados en esta localidad. Los antecedentes que obran sobre los inicios de este cementerio datan del a\u00f1o 1910, donde los residentes eran sepultados en tierra en su totalidad, ya en el a\u00f1o 1923, el Sr. Carlos A. Gonz\u00e1lez C. (1886 \u2013 1972), siendo de una familia de recursos elevados, ofreci\u00f3 su ayuda con la finalidad de crear un cierre perimetral en base a nichos, los que fueron paulatinamente forjando el cierre de este que a la fecha a\u00fan persiste pese a los embates de la naturaleza.<\/p>\n<p>El cementerio parroquial de Punitaqui es un camposanto de \u00edndole particular, de orientaci\u00f3n cat\u00f3lica, no obstante para su recepci\u00f3n de personas fallecidas no hace distinci\u00f3n sobre credo religioso, se encuentra ubicado en la ruta D-607 Nro. 741, localidad de el Toro de Punitaqui, tiene un horario de atenci\u00f3n al p\u00fablico\u00a0 de martes a domingo entre las 09:00 a 18:00 horas, actualmente modificado temporalmente a causa de la pandemia que nos afecta a nivel mundial el cementerio se encuentra en una situaci\u00f3n delicada producida a causa de los terremotos del 14 octubre del 1997 sismo que caus\u00f3 da\u00f1os considerables en su estructura y el 16 de septiembre del a\u00f1o 2015 \u00a0sismo que acrecent\u00f3 los da\u00f1os ya sufridos anteriormente en su estructura antigua, por carecer estas de una construcci\u00f3n s\u00f3lida a causa de las pocas exigencias de aquellos a\u00f1os en dicha materia, con posterioridad a este evento catastr\u00f3fico, en el mes de septiembre del a\u00f1o 2015 el Arzobispado de la Serena apoyo con la construcci\u00f3n de 85 nichos de reducci\u00f3n, para la reubicaci\u00f3n de las personas que ocupaban dichos nichos afectados, actualmente y a la fecha se ha reconstruido parte del pasillo principal con estructuras nuevas y acorde a la demanda actual\u00a0 como asimismo se han construido mausoleos o nichos familiares, los que se encuentran a disposici\u00f3n de la comunidad para ser adquiridos en calidad de perpetuos.<\/p>\n<p>Cuenta desde el mes de mayo del a\u00f1o 2016 con una oficina de Administraci\u00f3n cuyo lugar de funcionamiento est\u00e1 ubicado en el mismo camposanto, con domicilio en Ruta D &#8211; 607 la cual es atendida en forma presencial por su administrador en tiempos normales, y bajo la modalidad v\u00eda telef\u00f3nica en periodo de pandemia por protocolos de seguridad, no obstante, en caso de ser necesario se coordina una concurrencia al cementerio para atender alguna situaci\u00f3n en particular en horario de 09:00 a 13:00 horas.<\/p>\n<p>Esta Oficina est\u00e1 destinada a dar soluci\u00f3n y atender problemas y situaciones puntuales que afecten a la poblaci\u00f3n y que tengan directa ingerencia con deudos de quienes se encuentren sepultados en dicho lugar, acci\u00f3n que se debe realizar personalmente por los familiares directos que quienes yacen en dicho lugar.<\/p>\n<p>De igual forma se tiene considerado a futuro seguir proyect\u00e1ndose en lo referente a la construcci\u00f3n de nuevos nichos y habilitaci\u00f3n de espacios p\u00fablicos a fin de garantizar un mayor bienestar a la comunidad y hacer que dicho espacio sea un verdadero lugar de descanso para sus familiares<\/p>\n<p><strong><u>PERSONAJE DE CONNOTACION HISTORICA<\/u><\/strong>:<\/p>\n<p><strong><u>JUAN ANTONIO SALINAS SALINAS<\/u><\/strong>: Veterano de la guerra de 1879, fallecido en el a\u00f1o 1935, se encuentra ubicado en el pasillo superior del cementerio costado derecho 2da fila.<\/p>\n<p><strong><u>PERSONAJE de CONNOTACION DE LA COMUNA<\/u><\/strong>:<\/p>\n<p><strong>JAIME ARAYA CODOCEO<\/strong>: Uno de los primeros oficiales civiles con que conto esta comuna, siendo posteriormente concejal de esta comuna.<\/p>\n<blockquote><p><em><strong>Administradora: Shirley Sarmiento<\/strong><\/em><\/p>\n<p><em><strong>Tel\u00e9fono: +56 9 6700 2052<\/strong><\/em><\/p>\n<p><em><strong>Email: shirley_sarmiento@cementeriosar.cl<\/strong><\/em><\/p>\n<p><em><strong>Direcci\u00f3n: Ruta D 607 Nro. 741, Punitaqui<\/strong><\/em><\/p><\/blockquote>\n<style>#jtg-7416 .modula-item .jtg-social a, .lightbox-socials.jtg-social a{ color: #ffffff }#jtg-7416 .modula-item .jtg-social svg, .lightbox-socials.jtg-social svg { height: 16px; width: 16px }#jtg-7416 .modula-item .jtg-social a:not(:last-child), .lightbox-socials.jtg-social a:not(:last-child) { margin-right: 10px }#jtg-7416 .modula-item .figc {color:#ffffff;}#jtg-7416 .modula-item .modula-item-content { transform: scale(1) }#jtg-7416 { width:100%;}#jtg-7416 .modula-items{height:800px;}#jtg-7416 .modula-items .figc p.description { font-size:14px; }#jtg-7416 .modula-items .figc p.description { color:#ffffff;}#jtg-7416.modula-gallery .modula-item > a, #jtg-7416.modula-gallery .modula-item, #jtg-7416.modula-gallery .modula-item-content > a { cursor:zoom-in; } @media screen and (max-width:480px){#jtg-7416 .modula-item .figc .jtg-title {  font-size: 12px; }#jtg-7416 .modula-items .figc p.description { color:#ffffff;font-size:10px; }}<\/style>\n<!-- Gallery Container -->\n<div  id=\"jtg-7416\" class=\"modula modula-gallery modula-creative-gallery\" data-config=\"{&quot;height&quot;:800,&quot;enableTwitter&quot;:false,&quot;enableWhatsapp&quot;:false,&quot;enableFacebook&quot;:false,&quot;enablePinterest&quot;:false,&quot;enableLinkedin&quot;:false,&quot;enableEmail&quot;:false,&quot;randomFactor&quot;:0.5,&quot;type&quot;:&quot;creative-gallery&quot;,&quot;columns&quot;:12,&quot;gutter&quot;:10,&quot;mobileGutter&quot;:10,&quot;tabletGutter&quot;:10,&quot;desktopGutter&quot;:10,&quot;enableResponsive&quot;:&quot;0&quot;,&quot;tabletColumns&quot;:&quot;2&quot;,&quot;mobileColumns&quot;:&quot;1&quot;,&quot;lazyLoad&quot;:&quot;0&quot;,&quot;lightboxOpts&quot;:{&quot;loop&quot;:false,&quot;arrows&quot;:true,&quot;toolbar&quot;:true,&quot;keyboard&quot;:false,&quot;wheel&quot;:false,&quot;buttons&quot;:[&quot;close&quot;],&quot;hash&quot;:false,&quot;lang&quot;:&quot;en&quot;,&quot;touch&quot;:false,&quot;protect&quot;:false,&quot;i18n&quot;:{&quot;en&quot;:{&quot;CLOSE&quot;:&quot;Close&quot;,&quot;NEXT&quot;:&quot;Next&quot;,&quot;PREV&quot;:&quot;Previous&quot;,&quot;Error&quot;:&quot;The requested content cannot be loaded. Please try again later.&quot;,&quot;PLAY_START&quot;:&quot;Start slideshow&quot;,&quot;PLAY_STOP&quot;:&quot;Pause slideshow&quot;,&quot;FULL_SCREEN&quot;:&quot;Full screen&quot;,&quot;THUMBS&quot;:&quot;Thumbnails&quot;,&quot;DOWNLOAD&quot;:&quot;Download&quot;,&quot;SHARE&quot;:&quot;Share&quot;,&quot;ZOOM&quot;:&quot;Zoom&quot;}},&quot;clickSlide&quot;:false,&quot;clickOutside&quot;:false,&quot;dblclickContent&quot;:false,&quot;dblclickSlide&quot;:false,&quot;dblclickOutside&quot;:false,&quot;clickContent&quot;:false,&quot;baseTpl&quot;:&quot;&lt;div class=\\&quot;modula-fancybox-container modula-lightbox-jtg-7416\\&quot; role=\\&quot;dialog\\&quot; tabindex=\\&quot;-1\\&quot;&gt;&lt;div class=\\&quot;modula-fancybox-bg\\&quot;&gt;&lt;\\\/div&gt;&lt;div class=\\&quot;modula-fancybox-inner\\&quot;&gt;&lt;div class=\\&quot;modula-fancybox-infobar\\&quot;&gt;&lt;span data-fancybox-index&gt;&lt;\\\/span&gt;&nbsp;\\\/&nbsp;&lt;span data-fancybox-count&gt;&lt;\\\/span&gt;&lt;\\\/div&gt;&lt;div class=\\&quot;modula-fancybox-toolbar\\&quot;&gt;{{buttons}}&lt;\\\/div&gt;&lt;div class=\\&quot;modula-fancybox-navigation\\&quot;&gt;{{arrows}}&lt;\\\/div&gt;&lt;div class=\\&quot;modula-fancybox-stage\\&quot;&gt;&lt;\\\/div&gt;&lt;div class=\\&quot;modula-fancybox-caption\\&quot;&gt;&lt;div class=\\&quot;modula-fancybox-caption__body\\&quot;&gt;&lt;\\\/div&gt;&lt;\\\/div&gt;&lt;\\\/div&gt;&lt;\\\/div&gt;&quot;},&quot;inView&quot;:false,&quot;email_subject&quot;:&quot;Check out this awesome image !!&quot;,&quot;email_message&quot;:&quot;Here is the link to the image : %%image_link%% and this is the link to the gallery : %%gallery_link%%&quot;,&quot;lightbox&quot;:&quot;fancybox&quot;}\">\n\n\t\n\t<!-- Items Container -->\n\t<div  class=\"modula-items\">\n\t\t<div class=\"modula-item effect-pufrobo\" >\n\t<div class=\"modula-item-overlay\"><\/div>\n\n\t<div class=\"modula-item-content\">\n\n\t\t\t\t\n\t\t\t\t\t<a data-image-id=\"7417\" href=\"https:\/\/www.cementeriosar.cl\/portal\/wp-content\/uploads\/2021\/07\/Cementerio-de-Punitaqui-1.jpeg\" rel=\"jtg-7416\" data-caption=\"\" class=\"tile-inner modula-item-link\"><\/a>\n\t\t\n\t\t\t\t<img loading=\"lazy\" decoding=\"async\" class=\"pic\"  data-valign=\"middle\" data-halign=\"center\" alt=\"\" data-full=\"http:\/\/www.cementeriosar.cl\/portal\/wp-content\/uploads\/2021\/07\/Cementerio-de-Punitaqui-1.jpeg\" title=\"Cementerio de Punitaqui 1\" width=\"300\" height=\"225\" src=\"https:\/\/www.cementeriosar.cl\/portal\/wp-content\/uploads\/2021\/07\/Cementerio-de-Punitaqui-1-300x225.jpeg\" data-src=\"https:\/\/www.cementeriosar.cl\/portal\/wp-content\/uploads\/2021\/07\/Cementerio-de-Punitaqui-1-300x225.jpeg\" data-caption=\"\" srcset=\"https:\/\/www.cementeriosar.cl\/portal\/wp-content\/uploads\/2021\/07\/Cementerio-de-Punitaqui-1-300x225.jpeg 300w, https:\/\/www.cementeriosar.cl\/portal\/wp-content\/uploads\/2021\/07\/Cementerio-de-Punitaqui-1-1024x768.jpeg 1024w, https:\/\/www.cementeriosar.cl\/portal\/wp-content\/uploads\/2021\/07\/Cementerio-de-Punitaqui-1-768x576.jpeg 768w, https:\/\/www.cementeriosar.cl\/portal\/wp-content\/uploads\/2021\/07\/Cementerio-de-Punitaqui-1.jpeg 1040w\" sizes=\"auto, (max-width: 300px) 100vw, 300px\" \/>\n\t\t\n\t\t<div class=\"figc no-description\">\n\t\t\t<div class=\"figc-inner\">\n\t\t\t\t\t\t\t\t\t\t\t\t\t\t\t<\/div>\n\t\t<\/div>\n\n\t<\/div>\n\n<\/div><div class=\"modula-item effect-pufrobo\" >\n\t<div class=\"modula-item-overlay\"><\/div>\n\n\t<div class=\"modula-item-content\">\n\n\t\t\t\t\n\t\t\t\t\t<a data-image-id=\"7418\" href=\"https:\/\/www.cementeriosar.cl\/portal\/wp-content\/uploads\/2021\/07\/Cementerio-Punitaqui-2.jpeg\" rel=\"jtg-7416\" data-caption=\"\" class=\"tile-inner modula-item-link\"><\/a>\n\t\t\n\t\t\t\t<img loading=\"lazy\" decoding=\"async\" class=\"pic\"  data-valign=\"middle\" data-halign=\"center\" alt=\"\" data-full=\"http:\/\/www.cementeriosar.cl\/portal\/wp-content\/uploads\/2021\/07\/Cementerio-Punitaqui-2.jpeg\" title=\"Cementerio Punitaqui 2\" width=\"225\" height=\"300\" src=\"https:\/\/www.cementeriosar.cl\/portal\/wp-content\/uploads\/2021\/07\/Cementerio-Punitaqui-2-225x300.jpeg\" data-src=\"https:\/\/www.cementeriosar.cl\/portal\/wp-content\/uploads\/2021\/07\/Cementerio-Punitaqui-2-225x300.jpeg\" data-caption=\"\" srcset=\"https:\/\/www.cementeriosar.cl\/portal\/wp-content\/uploads\/2021\/07\/Cementerio-Punitaqui-2-225x300.jpeg 225w, https:\/\/www.cementeriosar.cl\/portal\/wp-content\/uploads\/2021\/07\/Cementerio-Punitaqui-2-768x1024.jpeg 768w, https:\/\/www.cementeriosar.cl\/portal\/wp-content\/uploads\/2021\/07\/Cementerio-Punitaqui-2.jpeg 780w\" sizes=\"auto, (max-width: 225px) 100vw, 225px\" \/>\n\t\t\n\t\t<div class=\"figc no-description\">\n\t\t\t<div class=\"figc-inner\">\n\t\t\t\t\t\t\t\t\t\t\t\t\t\t\t<\/div>\n\t\t<\/div>\n\n\t<\/div>\n\n<\/div><div class=\"modula-item effect-pufrobo\" >\n\t<div class=\"modula-item-overlay\"><\/div>\n\n\t<div class=\"modula-item-content\">\n\n\t\t\t\t\n\t\t\t\t\t<a data-image-id=\"7419\" href=\"https:\/\/www.cementeriosar.cl\/portal\/wp-content\/uploads\/2021\/07\/Cemeterio-de-Punitaqui-3.jpeg\" rel=\"jtg-7416\" data-caption=\"\" class=\"tile-inner modula-item-link\"><\/a>\n\t\t\n\t\t\t\t<img loading=\"lazy\" decoding=\"async\" class=\"pic\"  data-valign=\"middle\" data-halign=\"center\" alt=\"\" data-full=\"http:\/\/www.cementeriosar.cl\/portal\/wp-content\/uploads\/2021\/07\/Cemeterio-de-Punitaqui-3.jpeg\" title=\"Cemeterio de Punitaqui 3\" width=\"225\" height=\"300\" src=\"https:\/\/www.cementeriosar.cl\/portal\/wp-content\/uploads\/2021\/07\/Cemeterio-de-Punitaqui-3-225x300.jpeg\" data-src=\"https:\/\/www.cementeriosar.cl\/portal\/wp-content\/uploads\/2021\/07\/Cemeterio-de-Punitaqui-3-225x300.jpeg\" data-caption=\"\" srcset=\"https:\/\/www.cementeriosar.cl\/portal\/wp-content\/uploads\/2021\/07\/Cemeterio-de-Punitaqui-3-225x300.jpeg 225w, https:\/\/www.cementeriosar.cl\/portal\/wp-content\/uploads\/2021\/07\/Cemeterio-de-Punitaqui-3-768x1024.jpeg 768w, https:\/\/www.cementeriosar.cl\/portal\/wp-content\/uploads\/2021\/07\/Cemeterio-de-Punitaqui-3.jpeg 780w\" sizes=\"auto, (max-width: 225px) 100vw, 225px\" \/>\n\t\t\n\t\t<div class=\"figc no-description\">\n\t\t\t<div class=\"figc-inner\">\n\t\t\t\t\t\t\t\t\t\t\t\t\t\t\t<\/div>\n\t\t<\/div>\n\n\t<\/div>\n\n<\/div><div class=\"modula-item effect-pufrobo\" >\n\t<div class=\"modula-item-overlay\"><\/div>\n\n\t<div class=\"modula-item-content\">\n\n\t\t\t\t\n\t\t\t\t\t<a data-image-id=\"7420\" href=\"https:\/\/www.cementeriosar.cl\/portal\/wp-content\/uploads\/2021\/07\/WhatsApp-Image-2020-10-23-at-9.23.08-AM-1.jpeg\" rel=\"jtg-7416\" data-caption=\"\" class=\"tile-inner modula-item-link\"><\/a>\n\t\t\n\t\t\t\t<img loading=\"lazy\" decoding=\"async\" class=\"pic\"  data-valign=\"middle\" data-halign=\"center\" alt=\"\" data-full=\"http:\/\/www.cementeriosar.cl\/portal\/wp-content\/uploads\/2021\/07\/WhatsApp-Image-2020-10-23-at-9.23.08-AM-1.jpeg\" title=\"WhatsApp Image 2020-10-23 at 9.23.08 AM (1)\" width=\"225\" height=\"300\" src=\"https:\/\/www.cementeriosar.cl\/portal\/wp-content\/uploads\/2021\/07\/WhatsApp-Image-2020-10-23-at-9.23.08-AM-1-225x300.jpeg\" data-src=\"https:\/\/www.cementeriosar.cl\/portal\/wp-content\/uploads\/2021\/07\/WhatsApp-Image-2020-10-23-at-9.23.08-AM-1-225x300.jpeg\" data-caption=\"\" srcset=\"https:\/\/www.cementeriosar.cl\/portal\/wp-content\/uploads\/2021\/07\/WhatsApp-Image-2020-10-23-at-9.23.08-AM-1-225x300.jpeg 225w, https:\/\/www.cementeriosar.cl\/portal\/wp-content\/uploads\/2021\/07\/WhatsApp-Image-2020-10-23-at-9.23.08-AM-1-768x1024.jpeg 768w, https:\/\/www.cementeriosar.cl\/portal\/wp-content\/uploads\/2021\/07\/WhatsApp-Image-2020-10-23-at-9.23.08-AM-1.jpeg 780w\" sizes=\"auto, (max-width: 225px) 100vw, 225px\" \/>\n\t\t\n\t\t<div class=\"figc no-description\">\n\t\t\t<div class=\"figc-inner\">\n\t\t\t\t\t\t\t\t\t\t\t\t\t\t\t<\/div>\n\t\t<\/div>\n\n\t<\/div>\n\n<\/div><div class=\"modula-item effect-pufrobo\" >\n\t<div class=\"modula-item-overlay\"><\/div>\n\n\t<div class=\"modula-item-content\">\n\n\t\t\t\t\n\t\t\t\t\t<a data-image-id=\"7421\" href=\"https:\/\/www.cementeriosar.cl\/portal\/wp-content\/uploads\/2021\/07\/WhatsApp-Image-2020-10-23-at-9.23.08-AM-2.jpeg\" rel=\"jtg-7416\" data-caption=\"\" class=\"tile-inner modula-item-link\"><\/a>\n\t\t\n\t\t\t\t<img loading=\"lazy\" decoding=\"async\" class=\"pic\"  data-valign=\"middle\" data-halign=\"center\" alt=\"\" data-full=\"http:\/\/www.cementeriosar.cl\/portal\/wp-content\/uploads\/2021\/07\/WhatsApp-Image-2020-10-23-at-9.23.08-AM-2.jpeg\" title=\"WhatsApp Image 2020-10-23 at 9.23.08 AM (2)\" width=\"225\" height=\"300\" src=\"https:\/\/www.cementeriosar.cl\/portal\/wp-content\/uploads\/2021\/07\/WhatsApp-Image-2020-10-23-at-9.23.08-AM-2-225x300.jpeg\" data-src=\"https:\/\/www.cementeriosar.cl\/portal\/wp-content\/uploads\/2021\/07\/WhatsApp-Image-2020-10-23-at-9.23.08-AM-2-225x300.jpeg\" data-caption=\"\" srcset=\"https:\/\/www.cementeriosar.cl\/portal\/wp-content\/uploads\/2021\/07\/WhatsApp-Image-2020-10-23-at-9.23.08-AM-2-225x300.jpeg 225w, https:\/\/www.cementeriosar.cl\/portal\/wp-content\/uploads\/2021\/07\/WhatsApp-Image-2020-10-23-at-9.23.08-AM-2-768x1024.jpeg 768w, https:\/\/www.cementeriosar.cl\/portal\/wp-content\/uploads\/2021\/07\/WhatsApp-Image-2020-10-23-at-9.23.08-AM-2.jpeg 780w\" sizes=\"auto, (max-width: 225px) 100vw, 225px\" \/>\n\t\t\n\t\t<div class=\"figc no-description\">\n\t\t\t<div class=\"figc-inner\">\n\t\t\t\t\t\t\t\t\t\t\t\t\t\t\t<\/div>\n\t\t<\/div>\n\n\t<\/div>\n\n<\/div><div class=\"modula-item effect-pufrobo\" >\n\t<div class=\"modula-item-overlay\"><\/div>\n\n\t<div class=\"modula-item-content\">\n\n\t\t\t\t\n\t\t\t\t\t<a data-image-id=\"7422\" href=\"https:\/\/www.cementeriosar.cl\/portal\/wp-content\/uploads\/2021\/07\/WhatsApp-Image-2020-10-23-at-9.23.09-AM-2.jpeg\" rel=\"jtg-7416\" data-caption=\"\" class=\"tile-inner modula-item-link\"><\/a>\n\t\t\n\t\t\t\t<img loading=\"lazy\" decoding=\"async\" class=\"pic\"  data-valign=\"middle\" data-halign=\"center\" alt=\"\" data-full=\"http:\/\/www.cementeriosar.cl\/portal\/wp-content\/uploads\/2021\/07\/WhatsApp-Image-2020-10-23-at-9.23.09-AM-2.jpeg\" title=\"WhatsApp Image 2020-10-23 at 9.23.09 AM (2)\" width=\"225\" height=\"300\" src=\"https:\/\/www.cementeriosar.cl\/portal\/wp-content\/uploads\/2021\/07\/WhatsApp-Image-2020-10-23-at-9.23.09-AM-2-225x300.jpeg\" data-src=\"https:\/\/www.cementeriosar.cl\/portal\/wp-content\/uploads\/2021\/07\/WhatsApp-Image-2020-10-23-at-9.23.09-AM-2-225x300.jpeg\" data-caption=\"\" srcset=\"https:\/\/www.cementeriosar.cl\/portal\/wp-content\/uploads\/2021\/07\/WhatsApp-Image-2020-10-23-at-9.23.09-AM-2-225x300.jpeg 225w, https:\/\/www.cementeriosar.cl\/portal\/wp-content\/uploads\/2021\/07\/WhatsApp-Image-2020-10-23-at-9.23.09-AM-2-768x1024.jpeg 768w, https:\/\/www.cementeriosar.cl\/portal\/wp-content\/uploads\/2021\/07\/WhatsApp-Image-2020-10-23-at-9.23.09-AM-2.jpeg 780w\" sizes=\"auto, (max-width: 225px) 100vw, 225px\" \/>\n\t\t\n\t\t<div class=\"figc no-description\">\n\t\t\t<div class=\"figc-inner\">\n\t\t\t\t\t\t\t\t\t\t\t\t\t\t\t<\/div>\n\t\t<\/div>\n\n\t<\/div>\n\n<\/div><div class=\"modula-item effect-pufrobo\" >\n\t<div class=\"modula-item-overlay\"><\/div>\n\n\t<div class=\"modula-item-content\">\n\n\t\t\t\t\n\t\t\t\t\t<a data-image-id=\"7423\" href=\"https:\/\/www.cementeriosar.cl\/portal\/wp-content\/uploads\/2021\/07\/WhatsApp-Image-2020-10-23-at-9.23.09-AM-3.jpeg\" rel=\"jtg-7416\" data-caption=\"\" class=\"tile-inner modula-item-link\"><\/a>\n\t\t\n\t\t\t\t<img loading=\"lazy\" decoding=\"async\" class=\"pic\"  data-valign=\"middle\" data-halign=\"center\" alt=\"\" data-full=\"http:\/\/www.cementeriosar.cl\/portal\/wp-content\/uploads\/2021\/07\/WhatsApp-Image-2020-10-23-at-9.23.09-AM-3.jpeg\" title=\"WhatsApp Image 2020-10-23 at 9.23.09 AM (3)\" width=\"225\" height=\"300\" src=\"https:\/\/www.cementeriosar.cl\/portal\/wp-content\/uploads\/2021\/07\/WhatsApp-Image-2020-10-23-at-9.23.09-AM-3-225x300.jpeg\" data-src=\"https:\/\/www.cementeriosar.cl\/portal\/wp-content\/uploads\/2021\/07\/WhatsApp-Image-2020-10-23-at-9.23.09-AM-3-225x300.jpeg\" data-caption=\"\" srcset=\"https:\/\/www.cementeriosar.cl\/portal\/wp-content\/uploads\/2021\/07\/WhatsApp-Image-2020-10-23-at-9.23.09-AM-3-225x300.jpeg 225w, https:\/\/www.cementeriosar.cl\/portal\/wp-content\/uploads\/2021\/07\/WhatsApp-Image-2020-10-23-at-9.23.09-AM-3-768x1024.jpeg 768w, https:\/\/www.cementeriosar.cl\/portal\/wp-content\/uploads\/2021\/07\/WhatsApp-Image-2020-10-23-at-9.23.09-AM-3.jpeg 780w\" sizes=\"auto, (max-width: 225px) 100vw, 225px\" \/>\n\t\t\n\t\t<div class=\"figc no-description\">\n\t\t\t<div class=\"figc-inner\">\n\t\t\t\t\t\t\t\t\t\t\t\t\t\t\t<\/div>\n\t\t<\/div>\n\n\t<\/div>\n\n<\/div><div class=\"modula-item effect-pufrobo\" >\n\t<div class=\"modula-item-overlay\"><\/div>\n\n\t<div class=\"modula-item-content\">\n\n\t\t\t\t\n\t\t\t\t\t<a data-image-id=\"7424\" href=\"https:\/\/www.cementeriosar.cl\/portal\/wp-content\/uploads\/2021\/07\/WhatsApp-Image-2020-10-23-at-9.23.10-AM-1.jpeg\" rel=\"jtg-7416\" data-caption=\"\" class=\"tile-inner modula-item-link\"><\/a>\n\t\t\n\t\t\t\t<img loading=\"lazy\" decoding=\"async\" class=\"pic\"  data-valign=\"middle\" data-halign=\"center\" alt=\"\" data-full=\"http:\/\/www.cementeriosar.cl\/portal\/wp-content\/uploads\/2021\/07\/WhatsApp-Image-2020-10-23-at-9.23.10-AM-1.jpeg\" title=\"WhatsApp Image 2020-10-23 at 9.23.10 AM (1)\" width=\"225\" height=\"300\" src=\"https:\/\/www.cementeriosar.cl\/portal\/wp-content\/uploads\/2021\/07\/WhatsApp-Image-2020-10-23-at-9.23.10-AM-1-225x300.jpeg\" data-src=\"https:\/\/www.cementeriosar.cl\/portal\/wp-content\/uploads\/2021\/07\/WhatsApp-Image-2020-10-23-at-9.23.10-AM-1-225x300.jpeg\" data-caption=\"\" srcset=\"https:\/\/www.cementeriosar.cl\/portal\/wp-content\/uploads\/2021\/07\/WhatsApp-Image-2020-10-23-at-9.23.10-AM-1-225x300.jpeg 225w, https:\/\/www.cementeriosar.cl\/portal\/wp-content\/uploads\/2021\/07\/WhatsApp-Image-2020-10-23-at-9.23.10-AM-1-768x1024.jpeg 768w, https:\/\/www.cementeriosar.cl\/portal\/wp-content\/uploads\/2021\/07\/WhatsApp-Image-2020-10-23-at-9.23.10-AM-1.jpeg 780w\" sizes=\"auto, (max-width: 225px) 100vw, 225px\" \/>\n\t\t\n\t\t<div class=\"figc no-description\">\n\t\t\t<div class=\"figc-inner\">\n\t\t\t\t\t\t\t\t\t\t\t\t\t\t\t<\/div>\n\t\t<\/div>\n\n\t<\/div>\n\n<\/div><div class=\"modula-item effect-pufrobo\" >\n\t<div class=\"modula-item-overlay\"><\/div>\n\n\t<div class=\"modula-item-content\">\n\n\t\t\t\t\n\t\t\t\t\t<a data-image-id=\"7425\" href=\"https:\/\/www.cementeriosar.cl\/portal\/wp-content\/uploads\/2021\/07\/WhatsApp-Image-2020-10-23-at-9.23.10-AM-2.jpeg\" rel=\"jtg-7416\" data-caption=\"\" class=\"tile-inner modula-item-link\"><\/a>\n\t\t\n\t\t\t\t<img loading=\"lazy\" decoding=\"async\" class=\"pic\"  data-valign=\"middle\" data-halign=\"center\" alt=\"\" data-full=\"http:\/\/www.cementeriosar.cl\/portal\/wp-content\/uploads\/2021\/07\/WhatsApp-Image-2020-10-23-at-9.23.10-AM-2.jpeg\" title=\"WhatsApp Image 2020-10-23 at 9.23.10 AM (2)\" width=\"225\" height=\"300\" src=\"https:\/\/www.cementeriosar.cl\/portal\/wp-content\/uploads\/2021\/07\/WhatsApp-Image-2020-10-23-at-9.23.10-AM-2-225x300.jpeg\" data-src=\"https:\/\/www.cementeriosar.cl\/portal\/wp-content\/uploads\/2021\/07\/WhatsApp-Image-2020-10-23-at-9.23.10-AM-2-225x300.jpeg\" data-caption=\"\" srcset=\"https:\/\/www.cementeriosar.cl\/portal\/wp-content\/uploads\/2021\/07\/WhatsApp-Image-2020-10-23-at-9.23.10-AM-2-225x300.jpeg 225w, https:\/\/www.cementeriosar.cl\/portal\/wp-content\/uploads\/2021\/07\/WhatsApp-Image-2020-10-23-at-9.23.10-AM-2-768x1024.jpeg 768w, https:\/\/www.cementeriosar.cl\/portal\/wp-content\/uploads\/2021\/07\/WhatsApp-Image-2020-10-23-at-9.23.10-AM-2.jpeg 780w\" sizes=\"auto, (max-width: 225px) 100vw, 225px\" \/>\n\t\t\n\t\t<div class=\"figc no-description\">\n\t\t\t<div class=\"figc-inner\">\n\t\t\t\t\t\t\t\t\t\t\t\t\t\t\t<\/div>\n\t\t<\/div>\n\n\t<\/div>\n\n<\/div><div class=\"modula-item effect-pufrobo\" >\n\t<div class=\"modula-item-overlay\"><\/div>\n\n\t<div class=\"modula-item-content\">\n\n\t\t\t\t\n\t\t\t\t\t<a data-image-id=\"7426\" href=\"https:\/\/www.cementeriosar.cl\/portal\/wp-content\/uploads\/2021\/07\/WhatsApp-Image-2020-10-23-at-9.23.10-AM.jpeg\" rel=\"jtg-7416\" data-caption=\"\" class=\"tile-inner modula-item-link\"><\/a>\n\t\t\n\t\t\t\t<img loading=\"lazy\" decoding=\"async\" class=\"pic\"  data-valign=\"middle\" data-halign=\"center\" alt=\"\" data-full=\"http:\/\/www.cementeriosar.cl\/portal\/wp-content\/uploads\/2021\/07\/WhatsApp-Image-2020-10-23-at-9.23.10-AM.jpeg\" title=\"WhatsApp Image 2020-10-23 at 9.23.10 AM\" width=\"225\" height=\"300\" src=\"https:\/\/www.cementeriosar.cl\/portal\/wp-content\/uploads\/2021\/07\/WhatsApp-Image-2020-10-23-at-9.23.10-AM-225x300.jpeg\" data-src=\"https:\/\/www.cementeriosar.cl\/portal\/wp-content\/uploads\/2021\/07\/WhatsApp-Image-2020-10-23-at-9.23.10-AM-225x300.jpeg\" data-caption=\"\" srcset=\"https:\/\/www.cementeriosar.cl\/portal\/wp-content\/uploads\/2021\/07\/WhatsApp-Image-2020-10-23-at-9.23.10-AM-225x300.jpeg 225w, https:\/\/www.cementeriosar.cl\/portal\/wp-content\/uploads\/2021\/07\/WhatsApp-Image-2020-10-23-at-9.23.10-AM-768x1024.jpeg 768w, https:\/\/www.cementeriosar.cl\/portal\/wp-content\/uploads\/2021\/07\/WhatsApp-Image-2020-10-23-at-9.23.10-AM.jpeg 780w\" sizes=\"auto, (max-width: 225px) 100vw, 225px\" \/>\n\t\t\n\t\t<div class=\"figc no-description\">\n\t\t\t<div class=\"figc-inner\">\n\t\t\t\t\t\t\t\t\t\t\t\t\t\t\t<\/div>\n\t\t<\/div>\n\n\t<\/div>\n\n<\/div>\t\t\n\t<\/div>\n\n\t\n\t\n\t<script type=\"application\/ld+json\">\n\t{\n\t\t\"@context\": \"http:\/\/schema.org\",\n\t\t\"@type\"   : \"ImageGallery\",\n\t\t\"id\"      : \"https:\/\/www.cementeriosar.cl\/portal\/wp-json\/wp\/v2\/pages\/7560\",\n\t\t\"url\"     : \"https:\/\/www.cementeriosar.cl\/portal\/wp-json\/wp\/v2\/pages\/7560\"\n\t}\n\n    <\/script>\n\n\t\n<\/div>\n","protected":false},"excerpt":{"rendered":"<p>El cementerio parroquial de Punitaqui, se encuentra ubicado en la comuna del mismo nombre ubicada a 28 Km, al Oeste de la comuna de Ovalle, dicho camposanto cuenta con\u00a0 una dimensi\u00f3n de 78mts de ancho por 98 metros de largo, terreno de propiedad del Arzobispado de la Serena, \u00a0con el correr de los a\u00f1os otras<\/p>\n","protected":false},"author":1,"featured_media":0,"parent":0,"menu_order":0,"comment_status":"closed","ping_status":"closed","template":"","meta":{"_bbp_topic_count":0,"_bbp_reply_count":0,"_bbp_total_topic_count":0,"_bbp_total_reply_count":0,"_bbp_voice_count":0,"_bbp_anonymous_reply_count":0,"_bbp_topic_count_hidden":0,"_bbp_reply_count_hidden":0,"_bbp_forum_subforum_count":0,"footnotes":""},"class_list":["post-7560","page","type-page","status-publish","hentry"],"_links":{"self":[{"href":"https:\/\/www.cementeriosar.cl\/portal\/wp-json\/wp\/v2\/pages\/7560","targetHints":{"allow":["GET"]}}],"collection":[{"href":"https:\/\/www.cementeriosar.cl\/portal\/wp-json\/wp\/v2\/pages"}],"about":[{"href":"https:\/\/www.cementeriosar.cl\/portal\/wp-json\/wp\/v2\/types\/page"}],"author":[{"embeddable":true,"href":"https:\/\/www.cementeriosar.cl\/portal\/wp-json\/wp\/v2\/users\/1"}],"replies":[{"embeddable":true,"href":"https:\/\/www.cementeriosar.cl\/portal\/wp-json\/wp\/v2\/comments?post=7560"}],"version-history":[{"count":5,"href":"https:\/\/www.cementeriosar.cl\/portal\/wp-json\/wp\/v2\/pages\/7560\/revisions"}],"predecessor-version":[{"id":7610,"href":"https:\/\/www.cementeriosar.cl\/portal\/wp-json\/wp\/v2\/pages\/7560\/revisions\/7610"}],"wp:attachment":[{"href":"https:\/\/www.cementeriosar.cl\/portal\/wp-json\/wp\/v2\/media?parent=7560"}],"curies":[{"name":"wp","href":"https:\/\/api.w.org\/{rel}","templated":true}]}}