{"id":7378,"date":"2021-07-05T13:47:12","date_gmt":"2021-07-05T17:47:12","guid":{"rendered":"http:\/\/www.cementeriosar.cl\/portal\/?page_id=7378"},"modified":"2021-07-26T10:04:01","modified_gmt":"2021-07-26T14:04:01","slug":"quienes-somos","status":"publish","type":"page","link":"https:\/\/www.cementeriosar.cl\/portal\/quienes-somos\/","title":{"rendered":"Quienes Somos"},"content":{"rendered":"<p><img loading=\"lazy\" decoding=\"async\" class=\"aligncenter wp-image-7374 size-full\" src=\"http:\/\/www.cementeriosar.cl\/portal\/wp-content\/uploads\/2021\/07\/image.jpg\" alt=\"\" width=\"620\" height=\"330\" srcset=\"https:\/\/www.cementeriosar.cl\/portal\/wp-content\/uploads\/2021\/07\/image.jpg 620w, https:\/\/www.cementeriosar.cl\/portal\/wp-content\/uploads\/2021\/07\/image-300x160.jpg 300w, https:\/\/www.cementeriosar.cl\/portal\/wp-content\/uploads\/2021\/07\/image-600x319.jpg 600w\" sizes=\"auto, (max-width: 620px) 100vw, 620px\" \/><\/p>\n<p>Fecha de Creaci\u00f3n es el 31 de Mayo de 2017.<\/p>\n<blockquote><p><strong><em>Objetivo:<\/em><\/strong><\/p><\/blockquote>\n<p>Administraci\u00f3n de los Cementerios del Arzobispado.<\/p>\n<p>Preparar documentaci\u00f3n que sirva de gu\u00eda para la administraci\u00f3n de los cementerios reconocidos por el Arzobispado.<\/p>\n<p>Conjunto de personas que se encargan oficialmente de informar a la instituci\u00f3n sobre determinada materia de la administraci\u00f3n antes de tomar decisiones.<\/p>\n<p>El consejo estar\u00e1 compuesto por profesionales de diferentes \u00e1reas, que complementen las decisiones con sus respectivas materias de estudios.<\/p>\n<p><em><strong>Horarios de apertura<\/strong><\/em> es de 9:00 horas hasta las 12:30 horas, con cierre de sus puertas a las 13:00 horas; de lunes a s\u00e1bados.<\/p>\n<p>&nbsp;<\/p>\n<p><em><strong>Correo electr\u00f3nico: <a href=\"mailto:contacto@cementeriosar.cl\">contacto@cementeriosar.cl<\/a><\/strong><\/em><\/p>\n<p><em><strong>Celular: +56 9 6548 4759<\/strong><\/em><\/p>\n","protected":false},"excerpt":{"rendered":"<p>Fecha de Creaci\u00f3n es el 31 de Mayo de 2017. Objetivo: Administraci\u00f3n de los Cementerios del Arzobispado. Preparar documentaci\u00f3n que sirva de gu\u00eda para la administraci\u00f3n de los cementerios reconocidos por el Arzobispado. Conjunto de personas que se encargan oficialmente de informar a la instituci\u00f3n sobre determinada materia de la administraci\u00f3n antes de tomar decisiones.<\/p>\n","protected":false},"author":1,"featured_media":7374,"parent":0,"menu_order":0,"comment_status":"closed","ping_status":"closed","template":"","meta":{"_bbp_topic_count":0,"_bbp_reply_count":0,"_bbp_total_topic_count":0,"_bbp_total_reply_count":0,"_bbp_voice_count":0,"_bbp_anonymous_reply_count":0,"_bbp_topic_count_hidden":0,"_bbp_reply_count_hidden":0,"_bbp_forum_subforum_count":0,"footnotes":""},"class_list":["post-7378","page","type-page","status-publish","has-post-thumbnail","hentry"],"_links":{"self":[{"href":"https:\/\/www.cementeriosar.cl\/portal\/wp-json\/wp\/v2\/pages\/7378","targetHints":{"allow":["GET"]}}],"collection":[{"href":"https:\/\/www.cementeriosar.cl\/portal\/wp-json\/wp\/v2\/pages"}],"about":[{"href":"https:\/\/www.cementeriosar.cl\/portal\/wp-json\/wp\/v2\/types\/page"}],"author":[{"embeddable":true,"href":"https:\/\/www.cementeriosar.cl\/portal\/wp-json\/wp\/v2\/users\/1"}],"replies":[{"embeddable":true,"href":"https:\/\/www.cementeriosar.cl\/portal\/wp-json\/wp\/v2\/comments?post=7378"}],"version-history":[{"count":4,"href":"https:\/\/www.cementeriosar.cl\/portal\/wp-json\/wp\/v2\/pages\/7378\/revisions"}],"predecessor-version":[{"id":7578,"href":"https:\/\/www.cementeriosar.cl\/portal\/wp-json\/wp\/v2\/pages\/7378\/revisions\/7578"}],"wp:featuredmedia":[{"embeddable":true,"href":"https:\/\/www.cementeriosar.cl\/portal\/wp-json\/wp\/v2\/media\/7374"}],"wp:attachment":[{"href":"https:\/\/www.cementeriosar.cl\/portal\/wp-json\/wp\/v2\/media?parent=7378"}],"curies":[{"name":"wp","href":"https:\/\/api.w.org\/{rel}","templated":true}]}}